{"id":5788,"date":"2025-08-14T14:53:38","date_gmt":"2025-08-14T14:53:38","guid":{"rendered":"https:\/\/koraykirbiyik.com\/?page_id=5788"},"modified":"2025-08-19T20:43:17","modified_gmt":"2025-08-19T20:43:17","slug":"geniz-eti-ameliyatlari","status":"publish","type":"page","link":"https:\/\/koraykirbiyik.com\/en\/geniz-eti-ameliyatlari\/","title":{"rendered":"Adenoid Surgeries"},"content":{"rendered":"<div data-elementor-type=\"wp-page\" data-elementor-id=\"5788\" class=\"elementor elementor-5788\" data-elementor-post-type=\"page\">\n\t\t\t\t<div class=\"elementor-element elementor-element-f6ab2ee e-flex e-con-boxed e-con e-parent\" data-id=\"f6ab2ee\" data-element_type=\"container\">\n\t\t\t\t\t<div class=\"e-con-inner\">\n\t\t<div class=\"elementor-element elementor-element-10eb8f1 e-con-full e-flex e-con e-child\" data-id=\"10eb8f1\" data-element_type=\"container\">\n\t\t\t\t<div class=\"elementor-element elementor-element-7bdbdd3 elementor-widget elementor-widget-image\" data-id=\"7bdbdd3\" data-element_type=\"widget\" data-settings=\"{&quot;aos_animation_name&quot;:&quot;none&quot;}\" data-widget_type=\"image.default\">\n\t\t\t\t\t\t\t\t\t\t\t\t\t\t\t<img fetchpriority=\"high\" decoding=\"async\" width=\"910\" height=\"1024\" src=\"https:\/\/koraykirbiyik.com\/wp-content\/uploads\/2025\/08\/2-1-910x1024.webp\" class=\"attachment-large size-large wp-image-5867\" alt=\"\" srcset=\"https:\/\/koraykirbiyik.com\/wp-content\/uploads\/2025\/08\/2-1-910x1024.webp 910w, https:\/\/koraykirbiyik.com\/wp-content\/uploads\/2025\/08\/2-1-267x300.webp 267w, https:\/\/koraykirbiyik.com\/wp-content\/uploads\/2025\/08\/2-1-768x864.webp 768w, https:\/\/koraykirbiyik.com\/wp-content\/uploads\/2025\/08\/2-1-500x563.webp 500w, https:\/\/koraykirbiyik.com\/wp-content\/uploads\/2025\/08\/2-1-800x900.webp 800w, https:\/\/koraykirbiyik.com\/wp-content\/uploads\/2025\/08\/2-1-700x788.webp 700w, https:\/\/koraykirbiyik.com\/wp-content\/uploads\/2025\/08\/2-1.webp 960w\" sizes=\"(max-width: 910px) 100vw, 910px\" \/>\t\t\t\t\t\t\t\t\t\t\t\t\t\t\t<\/div>\n\t\t\t\t<\/div>\n\t\t<div class=\"elementor-element elementor-element-ec7dad0 e-con-full e-flex e-con e-child\" data-id=\"ec7dad0\" data-element_type=\"container\">\n\t\t\t\t<div class=\"elementor-element elementor-element-393f93f elementor-widget elementor-widget-heading\" data-id=\"393f93f\" data-element_type=\"widget\" data-settings=\"{&quot;aos_animation_name&quot;:&quot;none&quot;}\" data-widget_type=\"heading.default\">\n\t\t\t\t\t<h3 class=\"elementor-heading-title elementor-size-default\">WHAT IS ADENOSIS?<\/h3>\t\t\t\t<\/div>\n\t\t\t\t<div class=\"elementor-element elementor-element-ba4cbc5 elementor-widget elementor-widget-text-editor\" data-id=\"ba4cbc5\" data-element_type=\"widget\" data-settings=\"{&quot;aos_animation_name&quot;:&quot;none&quot;}\" data-widget_type=\"text-editor.default\">\n\t\t\t\t\t\t\t\t\t<p>The adenoids are tissue that functions as part of the immune system, especially in childhood, but can cause serious problems when enlarged. Enlarged adenoids manifest as symptoms such as persistent mouth breathing, snoring, sleep apnea, and frequent middle ear and sinus infections.<\/p><p>Op. Dr. Koray K\u0131rb\u0131y\u0131k performs adenoidectomy, or adenoidectomy, using modern and reliable methods to eliminate this condition, which negatively impacts your child's quality of life and development. This short and comfortable procedure improves your child's breathing, improves sleep quality, and reduces the incidence of infections.<\/p><p><b>Consult us to help your child breathe easier and grow healthier.<\/b><\/p>\t\t\t\t\t\t\t\t<\/div>\n\t\t\t\t<\/div>\n\t\t\t\t\t<\/div>\n\t\t\t\t<\/div>\n\t\t<div class=\"elementor-element elementor-element-4ad8194 e-flex e-con-boxed e-con e-parent\" data-id=\"4ad8194\" data-element_type=\"container\">\n\t\t\t\t\t<div class=\"e-con-inner\">\n\t\t<div class=\"elementor-element elementor-element-09b8217 e-con-full e-flex e-con e-child\" data-id=\"09b8217\" data-element_type=\"container\">\n\t\t\t\t<div class=\"elementor-element elementor-element-8e75879 elementor-position-left elementor-vertical-align-middle elementor-view-default elementor-mobile-position-top elementor-widget elementor-widget-icon-box\" data-id=\"8e75879\" data-element_type=\"widget\" data-settings=\"{&quot;aos_animation_name&quot;:&quot;none&quot;}\" data-widget_type=\"icon-box.default\">\n\t\t\t\t\t\t\t<div class=\"elementor-icon-box-wrapper\">\n\n\t\t\t\t\t\t<div class=\"elementor-icon-box-icon\">\n\t\t\t\t<span  class=\"elementor-icon\">\n\t\t\t\t<i aria-hidden=\"true\" class=\"fas fa-phone-alt\"><\/i>\t\t\t\t<\/span>\n\t\t\t<\/div>\n\t\t\t\n\t\t\t\t\t\t<div class=\"elementor-icon-box-content\">\n\n\t\t\t\t\t\t\t\t\t<h6 class=\"elementor-icon-box-title\">\n\t\t\t\t\t\t<span  >\n\t\t\t\t\t\t\tOur Contact Number\t\t\t\t\t\t<\/span>\n\t\t\t\t\t<\/h6>\n\t\t\t\t\n\t\t\t\t\t\t\t\t\t<p class=\"elementor-icon-box-description\">\n\t\t\t\t\t\t+905366005293\t\t\t\t\t<\/p>\n\t\t\t\t\n\t\t\t<\/div>\n\t\t\t\n\t\t<\/div>\n\t\t\t\t\t\t<\/div>\n\t\t\t\t<\/div>\n\t\t<div class=\"elementor-element elementor-element-c1233c8 e-con-full e-flex e-con e-child\" data-id=\"c1233c8\" data-element_type=\"container\">\n\t\t\t\t<div class=\"elementor-element elementor-element-87b35f9 elementor-position-left elementor-vertical-align-middle elementor-view-default elementor-mobile-position-top elementor-widget elementor-widget-icon-box\" data-id=\"87b35f9\" data-element_type=\"widget\" data-settings=\"{&quot;aos_animation_name&quot;:&quot;none&quot;}\" data-widget_type=\"icon-box.default\">\n\t\t\t\t\t\t\t<div class=\"elementor-icon-box-wrapper\">\n\n\t\t\t\t\t\t<div class=\"elementor-icon-box-icon\">\n\t\t\t\t<span  class=\"elementor-icon\">\n\t\t\t\t<i aria-hidden=\"true\" class=\"fas fa-map-marker-alt\"><\/i>\t\t\t\t<\/span>\n\t\t\t<\/div>\n\t\t\t\n\t\t\t\t\t\t<div class=\"elementor-icon-box-content\">\n\n\t\t\t\t\t\t\t\t\t<h6 class=\"elementor-icon-box-title\">\n\t\t\t\t\t\t<span  >\n\t\t\t\t\t\t\tOur location\t\t\t\t\t\t<\/span>\n\t\t\t\t\t<\/h6>\n\t\t\t\t\n\t\t\t\t\t\t\t\t\t<p class=\"elementor-icon-box-description\">\n\t\t\t\t\t\t\u00c7erkezk\u00f6y \/ TEK\u0130RDA\u011e\t\t\t\t\t<\/p>\n\t\t\t\t\n\t\t\t<\/div>\n\t\t\t\n\t\t<\/div>\n\t\t\t\t\t\t<\/div>\n\t\t\t\t<\/div>\n\t\t<div class=\"elementor-element elementor-element-679eac4 e-con-full e-flex e-con e-child\" data-id=\"679eac4\" data-element_type=\"container\">\n\t\t\t\t<div class=\"elementor-element elementor-element-c1094e4 elementor-widget elementor-widget-vlt-button\" data-id=\"c1094e4\" data-element_type=\"widget\" data-settings=\"{&quot;aos_animation_name&quot;:&quot;none&quot;}\" data-widget_type=\"vlt-button.default\">\n\t\t\t\t<div class=\"elementor-widget-container\">\n\t\t\t\t\t\n\t\t<a class=\"vlt-btn vlt-btn--md vlt-btn--primary vlt-btn--effect\" role=\"button\" href=\"https:\/\/koraykirbiyik.com\/en\/iletisim\/\">\n\n\t\t\t\n\t\t\tMAKE AN APPOINTMENT\n\t\t\t\n\t\t<\/a>\n\n\t\t\t\t\t\t<\/div>\n\t\t\t\t<\/div>\n\t\t\t\t<\/div>\n\t\t\t\t\t<\/div>\n\t\t\t\t<\/div>\n\t\t<div class=\"elementor-element elementor-element-7d8a15c e-flex e-con-boxed e-con e-parent\" data-id=\"7d8a15c\" data-element_type=\"container\">\n\t\t\t\t\t<div class=\"e-con-inner\">\n\t\t\t\t<div class=\"elementor-element elementor-element-0a9edaf elementor-widget elementor-widget-heading\" data-id=\"0a9edaf\" data-element_type=\"widget\" data-settings=\"{&quot;aos_animation_name&quot;:&quot;none&quot;}\" data-widget_type=\"heading.default\">\n\t\t\t\t\t<h4 class=\"elementor-heading-title elementor-size-default\">FREQUENTLY ASKED QUESTIONS<\/h4>\t\t\t\t<\/div>\n\t\t\t\t<div class=\"elementor-element elementor-element-60af8c2 elementor-widget elementor-widget-n-accordion\" data-id=\"60af8c2\" data-element_type=\"widget\" data-settings=\"{&quot;default_state&quot;:&quot;expanded&quot;,&quot;max_items_expended&quot;:&quot;one&quot;,&quot;n_accordion_animation_duration&quot;:{&quot;unit&quot;:&quot;ms&quot;,&quot;size&quot;:400,&quot;sizes&quot;:[]},&quot;aos_animation_name&quot;:&quot;none&quot;}\" data-widget_type=\"nested-accordion.default\">\n\t\t\t\t\t\t\t<div class=\"e-n-accordion\" aria-label=\"Accordion. Open links with Enter or Space, close with Escape, and navigate with Arrow Keys\">\n\t\t\t\t\t\t<details id=\"e-n-accordion-item-1010\" class=\"e-n-accordion-item\" open>\n\t\t\t\t<summary class=\"e-n-accordion-item-title\" data-accordion-index=\"1\" tabindex=\"0\" aria-expanded=\"true\" aria-controls=\"e-n-accordion-item-1010\" >\n\t\t\t\t\t<span class='e-n-accordion-item-title-header'><div class=\"e-n-accordion-item-title-text\"> Why does my child need adenoidectomy? <\/div><\/span>\n\t\t\t\t\t\t\t<span class='e-n-accordion-item-title-icon'>\n\t\t\t<span class='e-opened' ><i aria-hidden=\"true\" class=\"fas fa-minus\"><\/i><\/span>\n\t\t\t<span class='e-closed'><i aria-hidden=\"true\" class=\"fas fa-plus\"><\/i><\/span>\n\t\t<\/span>\n\n\t\t\t\t\t\t<\/summary>\n\t\t\t\t<div role=\"region\" aria-labelledby=\"e-n-accordion-item-1010\" class=\"elementor-element elementor-element-f389053 e-con-full e-flex e-con e-child\" data-id=\"f389053\" data-element_type=\"container\">\n\t\t\t\t<div class=\"elementor-element elementor-element-d1f7528 elementor-widget elementor-widget-text-editor\" data-id=\"d1f7528\" data-element_type=\"widget\" data-settings=\"{&quot;aos_animation_name&quot;:&quot;none&quot;}\" data-widget_type=\"text-editor.default\">\n\t\t\t\t\t\t\t\t\tIf enlarged adenoids cause problems for your child, such as constantly sleeping with their mouth open, snoring, sleep apnea, frequent middle ear infections, or developmental delays, surgery may be necessary to correct these problems.\n\n\t\t\t\t\t\t\t\t<\/div>\n\t\t\t\t<\/div>\n\t\t\t\t\t<\/details>\n\t\t\t\t\t\t<details id=\"e-n-accordion-item-1011\" class=\"e-n-accordion-item\" >\n\t\t\t\t<summary class=\"e-n-accordion-item-title\" data-accordion-index=\"2\" tabindex=\"-1\" aria-expanded=\"false\" aria-controls=\"e-n-accordion-item-1011\" >\n\t\t\t\t\t<span class='e-n-accordion-item-title-header'><div class=\"e-n-accordion-item-title-text\"> Will my child's immune system be weakened after surgery? <\/div><\/span>\n\t\t\t\t\t\t\t<span class='e-n-accordion-item-title-icon'>\n\t\t\t<span class='e-opened' ><i aria-hidden=\"true\" class=\"fas fa-minus\"><\/i><\/span>\n\t\t\t<span class='e-closed'><i aria-hidden=\"true\" class=\"fas fa-plus\"><\/i><\/span>\n\t\t<\/span>\n\n\t\t\t\t\t\t<\/summary>\n\t\t\t\t<div role=\"region\" aria-labelledby=\"e-n-accordion-item-1011\" class=\"elementor-element elementor-element-8b3ff75 e-con-full e-flex e-con e-child\" data-id=\"8b3ff75\" data-element_type=\"container\">\n\t\t\t\t<div class=\"elementor-element elementor-element-bedfb1c elementor-widget elementor-widget-text-editor\" data-id=\"bedfb1c\" data-element_type=\"widget\" data-settings=\"{&quot;aos_animation_name&quot;:&quot;none&quot;}\" data-widget_type=\"text-editor.default\">\n\t\t\t\t\t\t\t\t\tNo. The adenoid is only a very small part of the immune system. There are many other tissues in the body (tonsils, lymph nodes, etc.) that can take over its function. Removing it does not weaken the immune system.\n\n\t\t\t\t\t\t\t\t<\/div>\n\t\t\t\t<\/div>\n\t\t\t\t\t<\/details>\n\t\t\t\t\t\t<details id=\"e-n-accordion-item-1012\" class=\"e-n-accordion-item\" >\n\t\t\t\t<summary class=\"e-n-accordion-item-title\" data-accordion-index=\"3\" tabindex=\"-1\" aria-expanded=\"false\" aria-controls=\"e-n-accordion-item-1012\" >\n\t\t\t\t\t<span class='e-n-accordion-item-title-header'><div class=\"e-n-accordion-item-title-text\"> How long does the recovery process take? <\/div><\/span>\n\t\t\t\t\t\t\t<span class='e-n-accordion-item-title-icon'>\n\t\t\t<span class='e-opened' ><i aria-hidden=\"true\" class=\"fas fa-minus\"><\/i><\/span>\n\t\t\t<span class='e-closed'><i aria-hidden=\"true\" class=\"fas fa-plus\"><\/i><\/span>\n\t\t<\/span>\n\n\t\t\t\t\t\t<\/summary>\n\t\t\t\t<div role=\"region\" aria-labelledby=\"e-n-accordion-item-1012\" class=\"elementor-element elementor-element-f626f38 e-con-full e-flex e-con e-child\" data-id=\"f626f38\" data-element_type=\"container\">\n\t\t\t\t<div class=\"elementor-element elementor-element-e961ad4 elementor-widget elementor-widget-text-editor\" data-id=\"e961ad4\" data-element_type=\"widget\" data-settings=\"{&quot;aos_animation_name&quot;:&quot;none&quot;}\" data-widget_type=\"text-editor.default\">\n\t\t\t\t\t\t\t\t\tRecovery is very rapid. Children usually return to their normal activities the day after surgery. A mild sore throat or bad breath may occur for a few days.\n\n\t\t\t\t\t\t\t\t<\/div>\n\t\t\t\t<\/div>\n\t\t\t\t\t<\/details>\n\t\t\t\t\t\t<details id=\"e-n-accordion-item-1013\" class=\"e-n-accordion-item\" >\n\t\t\t\t<summary class=\"e-n-accordion-item-title\" data-accordion-index=\"4\" tabindex=\"-1\" aria-expanded=\"false\" aria-controls=\"e-n-accordion-item-1013\" >\n\t\t\t\t\t<span class='e-n-accordion-item-title-header'><div class=\"e-n-accordion-item-title-text\"> Do adenoids grow back? <\/div><\/span>\n\t\t\t\t\t\t\t<span class='e-n-accordion-item-title-icon'>\n\t\t\t<span class='e-opened' ><i aria-hidden=\"true\" class=\"fas fa-minus\"><\/i><\/span>\n\t\t\t<span class='e-closed'><i aria-hidden=\"true\" class=\"fas fa-plus\"><\/i><\/span>\n\t\t<\/span>\n\n\t\t\t\t\t\t<\/summary>\n\t\t\t\t<div role=\"region\" aria-labelledby=\"e-n-accordion-item-1013\" class=\"elementor-element elementor-element-8bdb172 e-con-full e-flex e-con e-child\" data-id=\"8bdb172\" data-element_type=\"container\">\n\t\t\t\t<div class=\"elementor-element elementor-element-b150e1a elementor-widget elementor-widget-text-editor\" data-id=\"b150e1a\" data-element_type=\"widget\" data-settings=\"{&quot;aos_animation_name&quot;:&quot;none&quot;}\" data-widget_type=\"text-editor.default\">\n\t\t\t\t\t\t\t\t\tWhen sufficient tissue is removed through surgery, the likelihood of the adenoid growing back and causing problems is quite low, especially with advancing age, as this tissue tends to shrink anyway.\n\n\t\t\t\t\t\t\t\t<\/div>\n\t\t\t\t<\/div>\n\t\t\t\t\t<\/details>\n\t\t\t\t\t<\/div>\n\t\t\t\t\t\t<\/div>\n\t\t\t\t\t<\/div>\n\t\t\t\t<\/div>\n\t\t<div class=\"elementor-element elementor-element-acedcf2 e-flex e-con-boxed e-con e-parent\" data-id=\"acedcf2\" data-element_type=\"container\">\n\t\t\t\t\t<div class=\"e-con-inner\">\n\t\t<div class=\"elementor-element elementor-element-a028521 e-con-full e-flex e-con e-child\" data-id=\"a028521\" data-element_type=\"container\">\n\t\t\t\t<div class=\"elementor-element elementor-element-ace71d4 elementor-widget elementor-widget-heading\" data-id=\"ace71d4\" data-element_type=\"widget\" data-settings=\"{&quot;aos_animation_name&quot;:&quot;none&quot;}\" data-widget_type=\"heading.default\">\n\t\t\t\t\t<h3 class=\"elementor-heading-title elementor-size-default\">Contact us<\/h3>\t\t\t\t<\/div>\n\t\t\t\t<div class=\"elementor-element elementor-element-d0b131b elementor-widget elementor-widget-text-editor\" data-id=\"d0b131b\" data-element_type=\"widget\" data-settings=\"{&quot;aos_animation_name&quot;:&quot;none&quot;}\" data-widget_type=\"text-editor.default\">\n\t\t\t\t\t\t\t\t\t<p>For all your questions, you can contact us via our WhatsApp channel.<\/p>\t\t\t\t\t\t\t\t<\/div>\n\t\t\t\t<\/div>\n\t\t<div class=\"elementor-element elementor-element-ada973a e-con-full e-flex e-con e-child\" data-id=\"ada973a\" data-element_type=\"container\">\n\t\t\t\t<div class=\"elementor-element elementor-element-6238243 elementor-widget elementor-widget-vlt-button\" data-id=\"6238243\" data-element_type=\"widget\" data-settings=\"{&quot;aos_animation_name&quot;:&quot;none&quot;}\" data-widget_type=\"vlt-button.default\">\n\t\t\t\t<div class=\"elementor-widget-container\">\n\t\t\t\t\t\n\t\t<a class=\"vlt-btn vlt-btn--lg vlt-btn--primary vlt-btn--effect\" role=\"button\" href=\"#\">\n\n\t\t\t\n\t\t\tWHATSAPP\n\t\t\t\n\t\t<\/a>\n\n\t\t\t\t\t\t<\/div>\n\t\t\t\t<\/div>\n\t\t\t\t<\/div>\n\t\t\t\t\t<\/div>\n\t\t\t\t<\/div>\n\t\t<div class=\"elementor-element elementor-element-1f2f110 e-flex e-con-boxed e-con e-parent\" data-id=\"1f2f110\" data-element_type=\"container\">\n\t\t\t\t\t<div class=\"e-con-inner\">\n\t\t\t\t<div class=\"elementor-element elementor-element-cd7d547 elementor-widget elementor-widget-template\" data-id=\"cd7d547\" data-element_type=\"widget\" data-settings=\"{&quot;aos_animation_name&quot;:&quot;none&quot;}\" data-widget_type=\"template.default\">\n\t\t\t\t<div class=\"elementor-widget-container\">\n\t\t\t\t\t\t\t<div class=\"elementor-template\">\n\t\t\t\t\t<div data-elementor-type=\"section\" data-elementor-id=\"5936\" class=\"elementor elementor-5936\" data-elementor-post-type=\"elementor_library\">\n\t\t\t<div class=\"elementor-element elementor-element-49db045 e-con-full e-flex e-con e-parent\" data-id=\"49db045\" data-element_type=\"container\" data-settings=\"{&quot;background_background&quot;:&quot;classic&quot;}\">\n\t\t<div class=\"elementor-element elementor-element-a90b873 e-con-full e-flex e-con e-child\" data-id=\"a90b873\" data-element_type=\"container\">\n\t\t\t\t<div class=\"elementor-element elementor-element-095219d elementor-widget elementor-widget-spacer\" data-id=\"095219d\" data-element_type=\"widget\" data-settings=\"{&quot;aos_animation_name&quot;:&quot;none&quot;}\" data-widget_type=\"spacer.default\">\n\t\t\t\t\t\t\t<div class=\"elementor-spacer\">\n\t\t\t<div class=\"elementor-spacer-inner\"><\/div>\n\t\t<\/div>\n\t\t\t\t\t\t<\/div>\n\t\t\t\t<div data-aos=\"custom\" data-aos-once=\"true\" class=\"elementor-element elementor-element-871f5c4 elementor-widget__width-initial elementor-widget elementor-widget-vlt-section-title\" data-id=\"871f5c4\" data-element_type=\"widget\" data-settings=\"{&quot;aos_animation_name&quot;:&quot;custom&quot;}\" data-widget_type=\"vlt-section-title.default\">\n\t\t\t\t<div class=\"elementor-widget-container\">\n\t\t\t\t\t\n\t\t<div class=\"vlt-section-title\">\n\n\t\t\t\n\t\t\t\n\t\t\t\t<h2 class=\"vlt-section-title__heading\">\n\n\t\t\t\t\t\n\t\t\t\t\tContact Us\n\t\t\t\t\t\n\t\t\t\t<\/h2>\n\n\t\t\t\n\t\t\t\t\t\t\t<p class=\"vlt-section-title__description\">Contact us so we can best assist you. We're always here to answer your questions, concerns, and appointment requests.\n\n<\/p>\n\t\t\t\n\t\t<\/div>\n\n\t\t\t\t\t<\/div>\n\t\t\t\t<\/div>\n\t\t\t\t<div class=\"elementor-element elementor-element-651bb7d elementor-widget elementor-widget-spacer\" data-id=\"651bb7d\" data-element_type=\"widget\" data-settings=\"{&quot;aos_animation_name&quot;:&quot;none&quot;}\" data-widget_type=\"spacer.default\">\n\t\t\t\t\t\t\t<div class=\"elementor-spacer\">\n\t\t\t<div class=\"elementor-spacer-inner\"><\/div>\n\t\t<\/div>\n\t\t\t\t\t\t<\/div>\n\t\t\t\t<div data-aos=\"custom\" data-aos-delay=\"100\" data-aos-once=\"true\" class=\"elementor-element elementor-element-5d5ceb7 elementor-widget elementor-widget-vlt-contact-form-7\" data-id=\"5d5ceb7\" data-element_type=\"widget\" data-settings=\"{&quot;aos_animation_name&quot;:&quot;custom&quot;}\" data-widget_type=\"vlt-contact-form-7.default\">\n\t\t\t\t<div class=\"elementor-widget-container\">\n\t\t\t\t\t\n\t\t<div class=\"vlt-contact-form-7\">\n\n\t\t\t\n<div class=\"wpcf7 no-js\" id=\"wpcf7-f986-o1\" lang=\"en-US\" dir=\"ltr\" data-wpcf7-id=\"986\">\n<div class=\"screen-reader-response\"><p role=\"status\" aria-live=\"polite\" aria-atomic=\"true\"><\/p> <ul><\/ul><\/div>\n<form action=\"\/en\/wp-json\/wp\/v2\/pages\/5788#wpcf7-f986-o1\" method=\"post\" class=\"wpcf7-form init demo\" aria-label=\"Contact form\" novalidate=\"novalidate\" data-status=\"init\" data-trp-original-action=\"\/en\/wp-json\/wp\/v2\/pages\/5788#wpcf7-f986-o1\">\n<fieldset class=\"hidden-fields-container\"><input type=\"hidden\" name=\"_wpcf7\" value=\"986\" \/><input type=\"hidden\" name=\"_wpcf7_version\" value=\"6.1\" \/><input type=\"hidden\" name=\"_wpcf7_locale\" value=\"en_US\" \/><input type=\"hidden\" name=\"_wpcf7_unit_tag\" value=\"wpcf7-f986-o1\" \/><input type=\"hidden\" name=\"_wpcf7_container_post\" value=\"0\" \/><input type=\"hidden\" name=\"_wpcf7_posted_data_hash\" value=\"\" \/>\n<\/fieldset>\n<div class=\"vlt-form-group\">\n  <span class=\"wpcf7-form-control-wrap\" data-name=\"your-name\"><input size=\"40\" maxlength=\"400\" class=\"wpcf7-form-control wpcf7-text wpcf7-validates-as-required vlt-form-control\" aria-required=\"true\" aria-invalid=\"false\" value=\"\" type=\"text\" name=\"your-name\" \/><\/span>\n  <label class=\"vlt-form-label\">Your name*<\/label>\n<\/div>\n<div class=\"vlt-form-group\">\n  <span class=\"wpcf7-form-control-wrap\" data-name=\"your-email\"><input size=\"40\" maxlength=\"400\" class=\"wpcf7-form-control wpcf7-email wpcf7-validates-as-required wpcf7-text wpcf7-validates-as-email vlt-form-control\" aria-required=\"true\" aria-invalid=\"false\" value=\"\" type=\"email\" name=\"your-email\" \/><\/span>\n  <label class=\"vlt-form-label\">Your e-Mail Address*<\/label>\n<\/div>\n<div class=\"vlt-form-group\">\n  <span class=\"wpcf7-form-control-wrap\" data-name=\"your-message\"><textarea cols=\"40\" rows=\"5\" maxlength=\"2000\" class=\"wpcf7-form-control wpcf7-textarea vlt-form-control\" aria-invalid=\"false\" name=\"your-message\"><\/textarea><\/span>\n  <label class=\"vlt-form-label\">Your message*<\/label>\n<\/div>\n<div class=\"text-left\">\n  <div class=\"vlt-gap-40\"><\/div>\n  <button class=\"vlt-btn vlt-btn--primary vlt-btn--effect vlt-btn--lg\">Send Message<\/button>\n<\/div><div class=\"wpcf7-response-output\" aria-hidden=\"true\"><\/div>\n<input type=\"hidden\" name=\"trp-form-language\" value=\"en\"\/><\/form>\n<\/div>\n\n\t\t<\/div>\n\n\t\t\t\t\t\t<\/div>\n\t\t\t\t<\/div>\n\t\t\t\t<div class=\"elementor-element elementor-element-047abe7 elementor-widget elementor-widget-spacer\" data-id=\"047abe7\" data-element_type=\"widget\" data-settings=\"{&quot;aos_animation_name&quot;:&quot;none&quot;}\" data-widget_type=\"spacer.default\">\n\t\t\t\t\t\t\t<div class=\"elementor-spacer\">\n\t\t\t<div class=\"elementor-spacer-inner\"><\/div>\n\t\t<\/div>\n\t\t\t\t\t\t<\/div>\n\t\t\t\t<\/div>\n\t\t<div class=\"elementor-element elementor-element-bce0950 e-con-full e-flex e-con e-child\" data-id=\"bce0950\" data-element_type=\"container\">\n\t\t\t\t<\/div>\n\t\t<div class=\"elementor-element elementor-element-1721312 e-con-full e-flex e-con e-child\" data-id=\"1721312\" data-element_type=\"container\">\n\t\t\t\t<div class=\"elementor-element elementor-element-223ba31 elementor-widget elementor-widget-google_maps\" data-id=\"223ba31\" data-element_type=\"widget\" data-settings=\"{&quot;aos_animation_name&quot;:&quot;none&quot;}\" data-widget_type=\"google_maps.default\">\n\t\t\t\t\t\t\t<div class=\"elementor-custom-embed\">\n\t\t\t<iframe loading=\"lazy\"\n\t\t\t\t\tsrc=\"https:\/\/maps.google.com\/maps?q=koray%20k%C4%B1rb%C4%B1y%C4%B1k&#038;t=m&#038;z=13&#038;output=embed&#038;iwloc=near\"\n\t\t\t\t\ttitle=\"koray k\u0131rb\u0131y\u0131k\"\n\t\t\t\t\taria-label=\"koray k\u0131rb\u0131y\u0131k\"\n\t\t\t><\/iframe>\n\t\t<\/div>\n\t\t\t\t\t\t<\/div>\n\t\t\t\t<\/div>\n\t\t\t\t<\/div>\n\t\t\t\t<\/div>\n\t\t\t\t<\/div>\n\t\t\t\t\t\t<\/div>\n\t\t\t\t<\/div>\n\t\t\t\t\t<\/div>\n\t\t\t\t<\/div>\n\t\t<div class=\"elementor-element elementor-element-690a5f5 e-flex e-con-boxed e-con e-parent\" data-id=\"690a5f5\" data-element_type=\"container\">\n\t\t\t\t\t<div class=\"e-con-inner\">\n\t\t\t\t<div class=\"elementor-element elementor-element-39bab05 elementor-shape-rounded elementor-grid-0 e-grid-align-center elementor-widget elementor-widget-social-icons\" data-id=\"39bab05\" data-element_type=\"widget\" data-settings=\"{&quot;aos_animation_name&quot;:&quot;none&quot;}\" data-widget_type=\"social-icons.default\">\n\t\t\t\t\t\t\t<div class=\"elementor-social-icons-wrapper elementor-grid\" role=\"list\">\n\t\t\t\t\t\t\t<span class=\"elementor-grid-item\" role=\"listitem\">\n\t\t\t\t\t<a class=\"elementor-icon elementor-social-icon elementor-social-icon-facebook elementor-repeater-item-da099ce\" href=\"https:\/\/www.facebook.com\/share\/1GU99CFYHc\/\" target=\"_blank\">\n\t\t\t\t\t\t<span class=\"elementor-screen-only\">Facebook<\/span>\n\t\t\t\t\t\t<i class=\"fab fa-facebook\"><\/i>\t\t\t\t\t<\/a>\n\t\t\t\t<\/span>\n\t\t\t\t\t\t\t<span class=\"elementor-grid-item\" role=\"listitem\">\n\t\t\t\t\t<a class=\"elementor-icon elementor-social-icon elementor-social-icon-instagram elementor-repeater-item-da22883\" href=\"https:\/\/www.instagram.com\/koray_kirbiyik\/\" target=\"_blank\">\n\t\t\t\t\t\t<span class=\"elementor-screen-only\">Instagram<\/span>\n\t\t\t\t\t\t<i class=\"fab fa-instagram\"><\/i>\t\t\t\t\t<\/a>\n\t\t\t\t<\/span>\n\t\t\t\t\t\t\t<span class=\"elementor-grid-item\" role=\"listitem\">\n\t\t\t\t\t<a class=\"elementor-icon elementor-social-icon elementor-social-icon-whatsapp elementor-repeater-item-51a0f4f\" href=\"https:\/\/wa.me\/905366005293\" target=\"_blank\">\n\t\t\t\t\t\t<span class=\"elementor-screen-only\">Whatsapp<\/span>\n\t\t\t\t\t\t<i class=\"fab fa-whatsapp\"><\/i>\t\t\t\t\t<\/a>\n\t\t\t\t<\/span>\n\t\t\t\t\t\t\t<span class=\"elementor-grid-item\" role=\"listitem\">\n\t\t\t\t\t<a class=\"elementor-icon elementor-social-icon elementor-social-icon-linkedin elementor-repeater-item-4a7d00d\" href=\"#\" target=\"_blank\">\n\t\t\t\t\t\t<span class=\"elementor-screen-only\">Linkedin<\/span>\n\t\t\t\t\t\t<i class=\"fab fa-linkedin\"><\/i>\t\t\t\t\t<\/a>\n\t\t\t\t<\/span>\n\t\t\t\t\t<\/div>\n\t\t\t\t\t\t<\/div>\n\t\t\t\t\t<\/div>\n\t\t\t\t<\/div>\n\t\t\t\t<\/div>","protected":false},"excerpt":{"rendered":"<p>GEN\u0130Z ET\u0130 NED\u0130R? Geniz eti (adenoid), \u00f6zellikle \u00e7ocukluk \u00e7a\u011f\u0131nda ba\u011f\u0131\u015f\u0131kl\u0131k sisteminin bir par\u00e7as\u0131 olarak g\u00f6rev yapan ancak b\u00fcy\u00fcd\u00fc\u011f\u00fcnde ciddi sorunlara yol a\u00e7abilen bir dokudur. Geniz eti b\u00fcy\u00fcmesi; s\u00fcrekli a\u011f\u0131zdan nefes alma, horlama, uyku apnesi, s\u0131k tekrarlayan orta kulak ve sin\u00fcs enfeksiyonlar\u0131 gibi belirtilerle kendini g\u00f6sterir. Op. Dr. Koray K\u0131rb\u0131y\u0131k, adenoidektomi yani geniz eti ameliyat\u0131n\u0131, \u00e7ocu\u011funuzun [&hellip;]<\/p>","protected":false},"author":1,"featured_media":0,"parent":0,"menu_order":0,"comment_status":"closed","ping_status":"closed","template":"","meta":{"_acf_changed":false,"_monsterinsights_skip_tracking":false,"_monsterinsights_sitenote_active":false,"_monsterinsights_sitenote_note":"","_monsterinsights_sitenote_category":0,"_vp_format_video_url":"","_vp_image_focal_point":[],"footnotes":""},"class_list":["post-5788","page","type-page","status-publish","hentry"],"acf":[],"aioseo_notices":[],"_links":{"self":[{"href":"https:\/\/koraykirbiyik.com\/en\/wp-json\/wp\/v2\/pages\/5788","targetHints":{"allow":["GET"]}}],"collection":[{"href":"https:\/\/koraykirbiyik.com\/en\/wp-json\/wp\/v2\/pages"}],"about":[{"href":"https:\/\/koraykirbiyik.com\/en\/wp-json\/wp\/v2\/types\/page"}],"author":[{"embeddable":true,"href":"https:\/\/koraykirbiyik.com\/en\/wp-json\/wp\/v2\/users\/1"}],"replies":[{"embeddable":true,"href":"https:\/\/koraykirbiyik.com\/en\/wp-json\/wp\/v2\/comments?post=5788"}],"version-history":[{"count":13,"href":"https:\/\/koraykirbiyik.com\/en\/wp-json\/wp\/v2\/pages\/5788\/revisions"}],"predecessor-version":[{"id":6200,"href":"https:\/\/koraykirbiyik.com\/en\/wp-json\/wp\/v2\/pages\/5788\/revisions\/6200"}],"wp:attachment":[{"href":"https:\/\/koraykirbiyik.com\/en\/wp-json\/wp\/v2\/media?parent=5788"}],"curies":[{"name":"wp","href":"https:\/\/api.w.org\/{rel}","templated":true}]}}